{"id":507,"date":"2021-04-23T10:55:33","date_gmt":"2021-04-23T10:55:33","guid":{"rendered":"http:\/\/www.wierzboweuroczysko.pl\/?page_id=507"},"modified":"2021-05-04T13:34:39","modified_gmt":"2021-05-04T13:34:39","slug":"o-nas","status":"publish","type":"page","link":"http:\/\/www.wierzboweuroczysko.pl\/index.php\/o-nas\/","title":{"rendered":"O Nas"},"content":{"rendered":"\t\t<div data-elementor-type=\"wp-page\" data-elementor-id=\"507\" class=\"elementor elementor-507\" data-elementor-settings=\"[]\">\n\t\t\t\t\t\t\t<div class=\"elementor-section-wrap\">\n\t\t\t\t\t\t\t<section class=\"elementor-section elementor-top-section elementor-element elementor-element-fe35f3b elementor-section-full_width elementor-section-height-full elementor-section-height-default elementor-section-items-middle\" data-id=\"fe35f3b\" data-element_type=\"section\" data-settings=\"{&quot;background_background&quot;:&quot;classic&quot;}\">\n\t\t\t\t\t\t\t<div class=\"elementor-background-overlay\"><\/div>\n\t\t\t\t\t\t\t<div class=\"elementor-container elementor-column-gap-default\">\n\t\t\t\t\t<div class=\"elementor-column elementor-col-50 elementor-top-column elementor-element elementor-element-fd0c917\" data-id=\"fd0c917\" data-element_type=\"column\">\n\t\t\t<div class=\"elementor-widget-wrap elementor-element-populated\">\n\t\t\t\t\t\t\t\t<section class=\"elementor-section elementor-inner-section elementor-element elementor-element-624892c elementor-section-boxed elementor-section-height-default elementor-section-height-default\" data-id=\"624892c\" data-element_type=\"section\">\n\t\t\t\t\t\t<div class=\"elementor-container elementor-column-gap-default\">\n\t\t\t\t\t<div class=\"elementor-column elementor-col-50 elementor-inner-column elementor-element elementor-element-9760a61\" data-id=\"9760a61\" data-element_type=\"column\">\n\t\t\t<div class=\"elementor-widget-wrap elementor-element-populated\">\n\t\t\t\t\t\t\t\t<div class=\"elementor-element elementor-element-13f699c elementor-widget elementor-widget-heading\" data-id=\"13f699c\" data-element_type=\"widget\" data-settings=\"{&quot;_animation&quot;:&quot;none&quot;}\" data-widget_type=\"heading.default\">\n\t\t\t\t<div class=\"elementor-widget-container\">\n\t\t\t<h1 class=\"elementor-heading-title elementor-size-default\">Wierzbowe<\/h1>\t\t<\/div>\n\t\t\t\t<\/div>\n\t\t\t\t\t<\/div>\n\t\t<\/div>\n\t\t\t\t<div class=\"elementor-column elementor-col-50 elementor-inner-column elementor-element elementor-element-4eef779\" data-id=\"4eef779\" data-element_type=\"column\">\n\t\t\t<div class=\"elementor-widget-wrap elementor-element-populated\">\n\t\t\t\t\t\t\t\t<div class=\"elementor-element elementor-element-51ca821 elementor-widget elementor-widget-heading\" data-id=\"51ca821\" data-element_type=\"widget\" data-settings=\"{&quot;_animation&quot;:&quot;none&quot;}\" data-widget_type=\"heading.default\">\n\t\t\t\t<div class=\"elementor-widget-container\">\n\t\t\t<h1 class=\"elementor-heading-title elementor-size-default\">Uroczysko<\/h1>\t\t<\/div>\n\t\t\t\t<\/div>\n\t\t\t\t\t<\/div>\n\t\t<\/div>\n\t\t\t\t\t\t\t<\/div>\n\t\t<\/section>\n\t\t\t\t<div class=\"elementor-element elementor-element-2c8f606 elementor-widget elementor-widget-heading\" data-id=\"2c8f606\" data-element_type=\"widget\" data-settings=\"{&quot;_animation&quot;:&quot;none&quot;}\" data-widget_type=\"heading.default\">\n\t\t\t\t<div class=\"elementor-widget-container\">\n\t\t\t<h1 class=\"elementor-heading-title elementor-size-default\">miejsce jakich ma\u0142o<\/h1>\t\t<\/div>\n\t\t\t\t<\/div>\n\t\t\t\t<div class=\"elementor-element elementor-element-aef19da elementor-widget elementor-widget-spacer\" data-id=\"aef19da\" data-element_type=\"widget\" data-widget_type=\"spacer.default\">\n\t\t\t\t<div class=\"elementor-widget-container\">\n\t\t\t\t\t<div class=\"elementor-spacer\">\n\t\t\t<div class=\"elementor-spacer-inner\"><\/div>\n\t\t<\/div>\n\t\t\t\t<\/div>\n\t\t\t\t<\/div>\n\t\t\t\t\t<\/div>\n\t\t<\/div>\n\t\t\t\t<div class=\"elementor-column elementor-col-50 elementor-top-column elementor-element elementor-element-0d29ab1\" data-id=\"0d29ab1\" data-element_type=\"column\">\n\t\t\t<div class=\"elementor-widget-wrap\">\n\t\t\t\t\t\t\t\t\t<\/div>\n\t\t<\/div>\n\t\t\t\t\t\t\t<\/div>\n\t\t<\/section>\n\t\t\t\t<section class=\"elementor-section elementor-top-section elementor-element elementor-element-4728a89 elementor-section-boxed elementor-section-height-default elementor-section-height-default\" data-id=\"4728a89\" data-element_type=\"section\">\n\t\t\t\t\t\t<div class=\"elementor-container elementor-column-gap-default\">\n\t\t\t\t\t<div class=\"elementor-column elementor-col-100 elementor-top-column elementor-element elementor-element-f783b49\" data-id=\"f783b49\" data-element_type=\"column\">\n\t\t\t<div class=\"elementor-widget-wrap elementor-element-populated\">\n\t\t\t\t\t\t\t\t<div class=\"elementor-element elementor-element-59ec6bd elementor-widget elementor-widget-spacer\" data-id=\"59ec6bd\" data-element_type=\"widget\" data-widget_type=\"spacer.default\">\n\t\t\t\t<div class=\"elementor-widget-container\">\n\t\t\t\t\t<div class=\"elementor-spacer\">\n\t\t\t<div class=\"elementor-spacer-inner\"><\/div>\n\t\t<\/div>\n\t\t\t\t<\/div>\n\t\t\t\t<\/div>\n\t\t\t\t\t<\/div>\n\t\t<\/div>\n\t\t\t\t\t\t\t<\/div>\n\t\t<\/section>\n\t\t\t\t<section class=\"elementor-section elementor-top-section elementor-element elementor-element-d5b556d elementor-section-boxed elementor-section-height-default elementor-section-height-default\" data-id=\"d5b556d\" data-element_type=\"section\">\n\t\t\t\t\t\t<div class=\"elementor-container elementor-column-gap-default\">\n\t\t\t\t\t<div class=\"elementor-column elementor-col-100 elementor-top-column elementor-element elementor-element-72a93e7\" data-id=\"72a93e7\" data-element_type=\"column\">\n\t\t\t<div class=\"elementor-widget-wrap elementor-element-populated\">\n\t\t\t\t\t\t\t\t<div class=\"elementor-element elementor-element-f9f128b elementor-widget elementor-widget-heading\" data-id=\"f9f128b\" data-element_type=\"widget\" data-widget_type=\"heading.default\">\n\t\t\t\t<div class=\"elementor-widget-container\">\n\t\t\t<h2 class=\"elementor-heading-title elementor-size-default\">Nasz pomys\u0142\u00a0na kreatywne sp\u0119dzanie czasu<\/h2>\t\t<\/div>\n\t\t\t\t<\/div>\n\t\t\t\t\t<\/div>\n\t\t<\/div>\n\t\t\t\t\t\t\t<\/div>\n\t\t<\/section>\n\t\t\t\t<section class=\"elementor-section elementor-top-section elementor-element elementor-element-616fec4 elementor-section-boxed elementor-section-height-default elementor-section-height-default\" data-id=\"616fec4\" data-element_type=\"section\">\n\t\t\t\t\t\t<div class=\"elementor-container elementor-column-gap-default\">\n\t\t\t\t\t<div class=\"elementor-column elementor-col-50 elementor-top-column elementor-element elementor-element-6c18188\" data-id=\"6c18188\" data-element_type=\"column\">\n\t\t\t<div class=\"elementor-widget-wrap elementor-element-populated\">\n\t\t\t\t\t\t\t\t<div class=\"elementor-element elementor-element-8740f77 elementor-widget elementor-widget-image\" data-id=\"8740f77\" data-element_type=\"widget\" data-widget_type=\"image.default\">\n\t\t\t\t<div class=\"elementor-widget-container\">\n\t\t\t\t\t\t\t\t\t\t\t\t\t\t\t<img width=\"800\" height=\"534\" src=\"http:\/\/www.wierzboweuroczysko.pl\/wp-content\/uploads\/2021\/04\/IMG_0500-1024x683.jpg\" class=\"attachment-large size-large\" alt=\"\" loading=\"lazy\" srcset=\"http:\/\/www.wierzboweuroczysko.pl\/wp-content\/uploads\/2021\/04\/IMG_0500-1024x683.jpg 1024w, http:\/\/www.wierzboweuroczysko.pl\/wp-content\/uploads\/2021\/04\/IMG_0500-300x200.jpg 300w, http:\/\/www.wierzboweuroczysko.pl\/wp-content\/uploads\/2021\/04\/IMG_0500-768x512.jpg 768w, http:\/\/www.wierzboweuroczysko.pl\/wp-content\/uploads\/2021\/04\/IMG_0500-1536x1024.jpg 1536w, http:\/\/www.wierzboweuroczysko.pl\/wp-content\/uploads\/2021\/04\/IMG_0500-2048x1365.jpg 2048w, http:\/\/www.wierzboweuroczysko.pl\/wp-content\/uploads\/2021\/04\/IMG_0500-600x400.jpg 600w\" sizes=\"(max-width: 800px) 100vw, 800px\" \/>\t\t\t\t\t\t\t\t\t\t\t\t\t\t\t<\/div>\n\t\t\t\t<\/div>\n\t\t\t\t\t<\/div>\n\t\t<\/div>\n\t\t\t\t<div class=\"elementor-column elementor-col-50 elementor-top-column elementor-element elementor-element-531f32b\" data-id=\"531f32b\" data-element_type=\"column\">\n\t\t\t<div class=\"elementor-widget-wrap elementor-element-populated\">\n\t\t\t\t\t\t\t\t<div class=\"elementor-element elementor-element-ef2738d elementor-widget elementor-widget-text-editor\" data-id=\"ef2738d\" data-element_type=\"widget\" data-widget_type=\"text-editor.default\">\n\t\t\t\t<div class=\"elementor-widget-container\">\n\t\t\t\t\t\t\t<p><strong>Wierzbowe Uroczysko<\/strong> to nasz pomys\u0142\u00a0na kreatywne sp\u0119dzanie czasu w gronie rodziny, s\u0105siad\u00f3w, przyjaci\u00f3\u0142 i coraz cz\u0119\u015bciej nowych znajomych.<strong> Uciekli\u015bmy z Cz\u0119stochowy przed smogiem i ha\u0142asem<\/strong>, aby w ciszy i spokoju realizowa\u0107 nasze pasje i zainteresowania.<\/p>\t\t\t\t\t\t<\/div>\n\t\t\t\t<\/div>\n\t\t\t\t\t<\/div>\n\t\t<\/div>\n\t\t\t\t\t\t\t<\/div>\n\t\t<\/section>\n\t\t\t\t<section class=\"elementor-section elementor-top-section elementor-element elementor-element-361a8c8 elementor-section-boxed elementor-section-height-default elementor-section-height-default\" data-id=\"361a8c8\" data-element_type=\"section\">\n\t\t\t\t\t\t<div class=\"elementor-container elementor-column-gap-default\">\n\t\t\t\t\t<div class=\"elementor-column elementor-col-100 elementor-top-column elementor-element elementor-element-c3281e0\" data-id=\"c3281e0\" data-element_type=\"column\">\n\t\t\t<div class=\"elementor-widget-wrap elementor-element-populated\">\n\t\t\t\t\t\t\t\t<div class=\"elementor-element elementor-element-dcde960 elementor-widget elementor-widget-spacer\" data-id=\"dcde960\" data-element_type=\"widget\" data-widget_type=\"spacer.default\">\n\t\t\t\t<div class=\"elementor-widget-container\">\n\t\t\t\t\t<div class=\"elementor-spacer\">\n\t\t\t<div class=\"elementor-spacer-inner\"><\/div>\n\t\t<\/div>\n\t\t\t\t<\/div>\n\t\t\t\t<\/div>\n\t\t\t\t\t<\/div>\n\t\t<\/div>\n\t\t\t\t\t\t\t<\/div>\n\t\t<\/section>\n\t\t\t\t<section class=\"elementor-section elementor-top-section elementor-element elementor-element-0602fde elementor-section-boxed elementor-section-height-default elementor-section-height-default\" data-id=\"0602fde\" data-element_type=\"section\">\n\t\t\t\t\t\t<div class=\"elementor-container elementor-column-gap-default\">\n\t\t\t\t\t<div class=\"elementor-column elementor-col-50 elementor-top-column elementor-element elementor-element-8c2c2e9\" data-id=\"8c2c2e9\" data-element_type=\"column\">\n\t\t\t<div class=\"elementor-widget-wrap elementor-element-populated\">\n\t\t\t\t\t\t\t\t<div class=\"elementor-element elementor-element-1574b53 elementor-widget elementor-widget-text-editor\" data-id=\"1574b53\" data-element_type=\"widget\" data-widget_type=\"text-editor.default\">\n\t\t\t\t<div class=\"elementor-widget-container\">\n\t\t\t\t\t\t\t<p><strong>Za\u0142\u0119\u017ce znale\u017ali\u015bmy po wielu miesi\u0105cach poszukiwa\u0144.<\/strong> Przywita\u0142o nas or\u0142ami, czaplami i krzykiem \u017curawi. Kiedy noc\u0105 zobaczyli\u015bmy niebo pe\u0142ne gwiazd, poczuli\u015bmy si\u0119 jak w bajce i ju\u017c wiedzieli\u015bmy, \u017ce to jest to. Od tej pory dzia\u0142amy pr\u0119\u017cnie: odnowili\u015bmy obor\u0119, przerabiaj\u0105c j\u0105 na miejsce spotka\u0144 i warsztat\u00f3w, budujemy drewniany dom. Zacz\u0119li\u015bmy uprawia\u0107 ogr\u00f3dek, posadzili\u015bmy sad, <strong>pr\u00f3bujemy swoich si\u0142 w pszczelarstwie<\/strong> i rokrocznie powi\u0119kszamy nasz warzywniak. Ale co najpi\u0119kniejsze \u2013 malownicza okolica Za\u0142\u0119\u017ca z przep\u0142ywaj\u0105c\u0105 t\u0119dy rzek\u0105 Pilic\u0105, codziennie odkrywa przed nami nowe cudowno\u015bci i wyzwania.<\/p>\t\t\t\t\t\t<\/div>\n\t\t\t\t<\/div>\n\t\t\t\t\t<\/div>\n\t\t<\/div>\n\t\t\t\t<div class=\"elementor-column elementor-col-50 elementor-top-column elementor-element elementor-element-514879b\" data-id=\"514879b\" data-element_type=\"column\">\n\t\t\t<div class=\"elementor-widget-wrap elementor-element-populated\">\n\t\t\t\t\t\t\t\t<div class=\"elementor-element elementor-element-49b1e98 elementor-widget elementor-widget-image\" data-id=\"49b1e98\" data-element_type=\"widget\" data-widget_type=\"image.default\">\n\t\t\t\t<div class=\"elementor-widget-container\">\n\t\t\t\t\t\t\t\t\t\t\t\t\t\t\t<img width=\"800\" height=\"534\" src=\"http:\/\/www.wierzboweuroczysko.pl\/wp-content\/uploads\/2021\/04\/DSC00710-1024x683.jpg\" class=\"attachment-large size-large\" alt=\"\" loading=\"lazy\" srcset=\"http:\/\/www.wierzboweuroczysko.pl\/wp-content\/uploads\/2021\/04\/DSC00710-1024x683.jpg 1024w, http:\/\/www.wierzboweuroczysko.pl\/wp-content\/uploads\/2021\/04\/DSC00710-300x200.jpg 300w, http:\/\/www.wierzboweuroczysko.pl\/wp-content\/uploads\/2021\/04\/DSC00710-768x512.jpg 768w, http:\/\/www.wierzboweuroczysko.pl\/wp-content\/uploads\/2021\/04\/DSC00710-1536x1024.jpg 1536w, http:\/\/www.wierzboweuroczysko.pl\/wp-content\/uploads\/2021\/04\/DSC00710-2048x1365.jpg 2048w\" sizes=\"(max-width: 800px) 100vw, 800px\" \/>\t\t\t\t\t\t\t\t\t\t\t\t\t\t\t<\/div>\n\t\t\t\t<\/div>\n\t\t\t\t\t<\/div>\n\t\t<\/div>\n\t\t\t\t\t\t\t<\/div>\n\t\t<\/section>\n\t\t\t\t<section class=\"elementor-section elementor-top-section elementor-element elementor-element-82aa8db elementor-section-boxed elementor-section-height-default elementor-section-height-default\" data-id=\"82aa8db\" data-element_type=\"section\">\n\t\t\t\t\t\t<div class=\"elementor-container elementor-column-gap-default\">\n\t\t\t\t\t<div class=\"elementor-column elementor-col-100 elementor-top-column elementor-element elementor-element-c457182\" data-id=\"c457182\" data-element_type=\"column\">\n\t\t\t<div class=\"elementor-widget-wrap elementor-element-populated\">\n\t\t\t\t\t\t\t\t<div class=\"elementor-element elementor-element-692d6e5 elementor-widget elementor-widget-spacer\" data-id=\"692d6e5\" data-element_type=\"widget\" data-widget_type=\"spacer.default\">\n\t\t\t\t<div class=\"elementor-widget-container\">\n\t\t\t\t\t<div class=\"elementor-spacer\">\n\t\t\t<div class=\"elementor-spacer-inner\"><\/div>\n\t\t<\/div>\n\t\t\t\t<\/div>\n\t\t\t\t<\/div>\n\t\t\t\t\t<\/div>\n\t\t<\/div>\n\t\t\t\t\t\t\t<\/div>\n\t\t<\/section>\n\t\t\t\t<section class=\"elementor-section elementor-top-section elementor-element elementor-element-363caf5 elementor-section-boxed elementor-section-height-default elementor-section-height-default\" data-id=\"363caf5\" data-element_type=\"section\">\n\t\t\t\t\t\t<div class=\"elementor-container elementor-column-gap-default\">\n\t\t\t\t\t<div class=\"elementor-column elementor-col-50 elementor-top-column elementor-element elementor-element-1788899\" data-id=\"1788899\" data-element_type=\"column\">\n\t\t\t<div class=\"elementor-widget-wrap elementor-element-populated\">\n\t\t\t\t\t\t\t\t<div class=\"elementor-element elementor-element-56a1159 elementor-widget elementor-widget-image\" data-id=\"56a1159\" data-element_type=\"widget\" data-widget_type=\"image.default\">\n\t\t\t\t<div class=\"elementor-widget-container\">\n\t\t\t\t\t\t\t\t\t\t\t\t\t\t\t<img width=\"800\" height=\"534\" src=\"http:\/\/www.wierzboweuroczysko.pl\/wp-content\/uploads\/2021\/04\/IMG_1416-1024x683.jpg\" class=\"attachment-large size-large\" alt=\"\" loading=\"lazy\" srcset=\"http:\/\/www.wierzboweuroczysko.pl\/wp-content\/uploads\/2021\/04\/IMG_1416-1024x683.jpg 1024w, http:\/\/www.wierzboweuroczysko.pl\/wp-content\/uploads\/2021\/04\/IMG_1416-300x200.jpg 300w, http:\/\/www.wierzboweuroczysko.pl\/wp-content\/uploads\/2021\/04\/IMG_1416-768x512.jpg 768w, http:\/\/www.wierzboweuroczysko.pl\/wp-content\/uploads\/2021\/04\/IMG_1416-1536x1024.jpg 1536w, http:\/\/www.wierzboweuroczysko.pl\/wp-content\/uploads\/2021\/04\/IMG_1416-2048x1365.jpg 2048w\" sizes=\"(max-width: 800px) 100vw, 800px\" \/>\t\t\t\t\t\t\t\t\t\t\t\t\t\t\t<\/div>\n\t\t\t\t<\/div>\n\t\t\t\t\t<\/div>\n\t\t<\/div>\n\t\t\t\t<div class=\"elementor-column elementor-col-50 elementor-top-column elementor-element elementor-element-958e556\" data-id=\"958e556\" data-element_type=\"column\">\n\t\t\t<div class=\"elementor-widget-wrap elementor-element-populated\">\n\t\t\t\t\t\t\t\t<div class=\"elementor-element elementor-element-0d27d31 elementor-widget elementor-widget-text-editor\" data-id=\"0d27d31\" data-element_type=\"widget\" data-widget_type=\"text-editor.default\">\n\t\t\t\t<div class=\"elementor-widget-container\">\n\t\t\t\t\t\t\t<p><strong>Agatka jest dusz\u0105 artystyczn\u0105<\/strong> i to czego dotknie, zamienia si\u0119 w ma\u0142e arcydzie\u0142o &#8211; \u00a0maluje, tworzy w technice ceramiki, szyje i robi bi\u017cuteri\u0119. <strong>Arek to ptakolub<\/strong>, d\u0105\u017c\u0105cy do niezale\u017cno\u015bci \u017cywieniowej, wyznawca g\u0142\u0119bokiej ekologii\u00a0 i leczenia zio\u0142ami. Obydwoje kochamy pszczo\u0142y i d\u0142ugie spacery z psami. Chcemy dzieli\u0107 si\u0119 naszymi pasjami podczas spotka\u0144 i warsztat\u00f3w, poznawa\u0107 nowych ludzi i wsp\u00f3lnie si\u0119 rozwija\u0107. Je\u017celi chcesz us\u0142ysze\u0107 cisz\u0119, zobaczy\u0107 Drog\u0119 Mleczn\u0105, wyhamowa\u0107 miejski p\u0119d i przy okazji czego\u015b si\u0119 nauczy\u0107, zapraszamy do nas!<\/p>\t\t\t\t\t\t<\/div>\n\t\t\t\t<\/div>\n\t\t\t\t\t<\/div>\n\t\t<\/div>\n\t\t\t\t\t\t\t<\/div>\n\t\t<\/section>\n\t\t\t\t<section class=\"elementor-section elementor-top-section elementor-element elementor-element-80b21c1 elementor-section-boxed elementor-section-height-default elementor-section-height-default\" data-id=\"80b21c1\" data-element_type=\"section\">\n\t\t\t\t\t\t<div class=\"elementor-container elementor-column-gap-default\">\n\t\t\t\t\t<div class=\"elementor-column elementor-col-100 elementor-top-column elementor-element elementor-element-6256379\" data-id=\"6256379\" data-element_type=\"column\">\n\t\t\t<div class=\"elementor-widget-wrap elementor-element-populated\">\n\t\t\t\t\t\t\t\t<div class=\"elementor-element elementor-element-8d3faad elementor-widget elementor-widget-spacer\" data-id=\"8d3faad\" data-element_type=\"widget\" data-widget_type=\"spacer.default\">\n\t\t\t\t<div class=\"elementor-widget-container\">\n\t\t\t\t\t<div class=\"elementor-spacer\">\n\t\t\t<div class=\"elementor-spacer-inner\"><\/div>\n\t\t<\/div>\n\t\t\t\t<\/div>\n\t\t\t\t<\/div>\n\t\t\t\t\t<\/div>\n\t\t<\/div>\n\t\t\t\t\t\t\t<\/div>\n\t\t<\/section>\n\t\t\t\t<section class=\"elementor-section elementor-top-section elementor-element elementor-element-d336c6b elementor-section-boxed elementor-section-height-default elementor-section-height-default\" data-id=\"d336c6b\" data-element_type=\"section\">\n\t\t\t\t\t\t<div class=\"elementor-container elementor-column-gap-default\">\n\t\t\t\t\t<div class=\"elementor-column elementor-col-100 elementor-top-column elementor-element elementor-element-eb7b2bb\" data-id=\"eb7b2bb\" data-element_type=\"column\">\n\t\t\t<div class=\"elementor-widget-wrap elementor-element-populated\">\n\t\t\t\t\t\t\t\t<div class=\"elementor-element elementor-element-366a161 elementor-widget elementor-widget-heading\" data-id=\"366a161\" data-element_type=\"widget\" data-widget_type=\"heading.default\">\n\t\t\t\t<div class=\"elementor-widget-container\">\n\t\t\t<h2 class=\"elementor-heading-title elementor-size-default\">Ma\u0142e arcydzie\u0142o Agatki<\/h2>\t\t<\/div>\n\t\t\t\t<\/div>\n\t\t\t\t\t<\/div>\n\t\t<\/div>\n\t\t\t\t\t\t\t<\/div>\n\t\t<\/section>\n\t\t\t\t<section class=\"elementor-section elementor-top-section elementor-element elementor-element-a78e369 elementor-section-boxed elementor-section-height-default elementor-section-height-default\" data-id=\"a78e369\" data-element_type=\"section\">\n\t\t\t\t\t\t<div class=\"elementor-container elementor-column-gap-default\">\n\t\t\t\t\t<div class=\"elementor-column elementor-col-100 elementor-top-column elementor-element elementor-element-08c6ec4\" data-id=\"08c6ec4\" data-element_type=\"column\">\n\t\t\t<div class=\"elementor-widget-wrap elementor-element-populated\">\n\t\t\t\t\t\t\t\t<div class=\"elementor-element elementor-element-2417351 elementor-arrows-position-inside elementor-pagination-position-outside elementor-widget elementor-widget-image-carousel\" data-id=\"2417351\" data-element_type=\"widget\" data-settings=\"{&quot;slides_to_show&quot;:&quot;4&quot;,&quot;slides_to_scroll&quot;:&quot;1&quot;,&quot;navigation&quot;:&quot;both&quot;,&quot;autoplay&quot;:&quot;yes&quot;,&quot;pause_on_hover&quot;:&quot;yes&quot;,&quot;pause_on_interaction&quot;:&quot;yes&quot;,&quot;autoplay_speed&quot;:5000,&quot;infinite&quot;:&quot;yes&quot;,&quot;speed&quot;:500}\" data-widget_type=\"image-carousel.default\">\n\t\t\t\t<div class=\"elementor-widget-container\">\n\t\t\t\t\t<div class=\"elementor-image-carousel-wrapper swiper-container\" dir=\"ltr\">\n\t\t\t<div class=\"elementor-image-carousel swiper-wrapper\">\n\t\t\t\t\t\t\t\t<div class=\"swiper-slide\"><figure class=\"swiper-slide-inner\"><img class=\"swiper-slide-image\" src=\"http:\/\/www.wierzboweuroczysko.pl\/wp-content\/uploads\/2021\/05\/01a-200x300.jpg\" alt=\"01a\" \/><\/figure><\/div><div class=\"swiper-slide\"><figure class=\"swiper-slide-inner\"><img class=\"swiper-slide-image\" src=\"http:\/\/www.wierzboweuroczysko.pl\/wp-content\/uploads\/2021\/05\/03-200x300.jpg\" alt=\"03\" \/><\/figure><\/div><div class=\"swiper-slide\"><figure class=\"swiper-slide-inner\"><img class=\"swiper-slide-image\" src=\"http:\/\/www.wierzboweuroczysko.pl\/wp-content\/uploads\/2021\/05\/05-200x300.jpg\" alt=\"05\" \/><\/figure><\/div><div class=\"swiper-slide\"><figure class=\"swiper-slide-inner\"><img class=\"swiper-slide-image\" src=\"http:\/\/www.wierzboweuroczysko.pl\/wp-content\/uploads\/2021\/05\/06-200x300.jpg\" alt=\"06\" \/><\/figure><\/div><div class=\"swiper-slide\"><figure class=\"swiper-slide-inner\"><img class=\"swiper-slide-image\" src=\"http:\/\/www.wierzboweuroczysko.pl\/wp-content\/uploads\/2021\/05\/08-200x300.jpg\" alt=\"08\" \/><\/figure><\/div><div class=\"swiper-slide\"><figure class=\"swiper-slide-inner\"><img class=\"swiper-slide-image\" src=\"http:\/\/www.wierzboweuroczysko.pl\/wp-content\/uploads\/2021\/05\/09a-200x300.jpg\" alt=\"09a\" \/><\/figure><\/div><div class=\"swiper-slide\"><figure class=\"swiper-slide-inner\"><img class=\"swiper-slide-image\" src=\"http:\/\/www.wierzboweuroczysko.pl\/wp-content\/uploads\/2021\/05\/11a-200x300.jpg\" alt=\"11a\" \/><\/figure><\/div><div class=\"swiper-slide\"><figure class=\"swiper-slide-inner\"><img class=\"swiper-slide-image\" src=\"http:\/\/www.wierzboweuroczysko.pl\/wp-content\/uploads\/2021\/05\/12e-200x300.jpg\" alt=\"12e\" \/><\/figure><\/div><div class=\"swiper-slide\"><figure class=\"swiper-slide-inner\"><img class=\"swiper-slide-image\" src=\"http:\/\/www.wierzboweuroczysko.pl\/wp-content\/uploads\/2021\/05\/13c-200x300.jpg\" alt=\"13c\" \/><\/figure><\/div><div class=\"swiper-slide\"><figure class=\"swiper-slide-inner\"><img class=\"swiper-slide-image\" src=\"http:\/\/www.wierzboweuroczysko.pl\/wp-content\/uploads\/2021\/05\/14c-200x300.jpg\" alt=\"14c\" \/><\/figure><\/div><div class=\"swiper-slide\"><figure class=\"swiper-slide-inner\"><img class=\"swiper-slide-image\" src=\"http:\/\/www.wierzboweuroczysko.pl\/wp-content\/uploads\/2021\/05\/15c-200x300.jpg\" alt=\"15c\" \/><\/figure><\/div><div class=\"swiper-slide\"><figure class=\"swiper-slide-inner\"><img class=\"swiper-slide-image\" src=\"http:\/\/www.wierzboweuroczysko.pl\/wp-content\/uploads\/2021\/05\/21e-200x300.jpg\" alt=\"21e\" \/><\/figure><\/div><div class=\"swiper-slide\"><figure class=\"swiper-slide-inner\"><img class=\"swiper-slide-image\" src=\"http:\/\/www.wierzboweuroczysko.pl\/wp-content\/uploads\/2021\/05\/26b-200x300.jpg\" alt=\"26b\" \/><\/figure><\/div><div class=\"swiper-slide\"><figure class=\"swiper-slide-inner\"><img class=\"swiper-slide-image\" src=\"http:\/\/www.wierzboweuroczysko.pl\/wp-content\/uploads\/2021\/05\/32b-200x300.jpg\" alt=\"32b\" \/><\/figure><\/div><div class=\"swiper-slide\"><figure class=\"swiper-slide-inner\"><img class=\"swiper-slide-image\" src=\"http:\/\/www.wierzboweuroczysko.pl\/wp-content\/uploads\/2021\/05\/33-200x300.jpg\" alt=\"33\" \/><\/figure><\/div><div class=\"swiper-slide\"><figure class=\"swiper-slide-inner\"><img class=\"swiper-slide-image\" src=\"http:\/\/www.wierzboweuroczysko.pl\/wp-content\/uploads\/2021\/05\/34-200x300.jpg\" alt=\"34\" \/><\/figure><\/div><div class=\"swiper-slide\"><figure class=\"swiper-slide-inner\"><img class=\"swiper-slide-image\" src=\"http:\/\/www.wierzboweuroczysko.pl\/wp-content\/uploads\/2021\/05\/36a-200x300.jpg\" alt=\"36a\" \/><\/figure><\/div><div class=\"swiper-slide\"><figure class=\"swiper-slide-inner\"><img class=\"swiper-slide-image\" src=\"http:\/\/www.wierzboweuroczysko.pl\/wp-content\/uploads\/2021\/05\/37b-200x300.jpg\" alt=\"37b\" \/><\/figure><\/div><div class=\"swiper-slide\"><figure class=\"swiper-slide-inner\"><img class=\"swiper-slide-image\" src=\"http:\/\/www.wierzboweuroczysko.pl\/wp-content\/uploads\/2021\/05\/42a-200x300.jpg\" alt=\"42a\" \/><\/figure><\/div><div class=\"swiper-slide\"><figure class=\"swiper-slide-inner\"><img class=\"swiper-slide-image\" src=\"http:\/\/www.wierzboweuroczysko.pl\/wp-content\/uploads\/2021\/05\/43-200x300.jpg\" alt=\"43\" \/><\/figure><\/div>\t\t\t<\/div>\n\t\t\t\t\t\t\t\t\t\t\t\t<div class=\"swiper-pagination\"><\/div>\n\t\t\t\t\t\t\t\t\t\t\t\t\t<div class=\"elementor-swiper-button elementor-swiper-button-prev\">\n\t\t\t\t\t\t<i class=\"eicon-chevron-left\" aria-hidden=\"true\"><\/i>\n\t\t\t\t\t\t<span class=\"elementor-screen-only\">Poprzednie<\/span>\n\t\t\t\t\t<\/div>\n\t\t\t\t\t<div class=\"elementor-swiper-button elementor-swiper-button-next\">\n\t\t\t\t\t\t<i class=\"eicon-chevron-right\" aria-hidden=\"true\"><\/i>\n\t\t\t\t\t\t<span class=\"elementor-screen-only\">Nast\u0119pne<\/span>\n\t\t\t\t\t<\/div>\n\t\t\t\t\t\t\t\t\t<\/div>\n\t\t\t\t<\/div>\n\t\t\t\t<\/div>\n\t\t\t\t\t<\/div>\n\t\t<\/div>\n\t\t\t\t\t\t\t<\/div>\n\t\t<\/section>\n\t\t\t\t\t\t<\/div>\n\t\t\t\t\t<\/div>\n\t\t","protected":false},"excerpt":{"rendered":"<p>Wierzbowe Uroczysko miejsce jakich ma\u0142o Nasz pomys\u0142\u00a0na kreatywne sp\u0119dzanie czasu Wierzbowe Uroczysko to nasz pomys\u0142\u00a0na kreatywne sp\u0119dzanie czasu w gronie rodziny, s\u0105siad\u00f3w, przyjaci\u00f3\u0142 i coraz cz\u0119\u015bciej nowych znajomych. Uciekli\u015bmy z [&hellip;]<\/p>\n","protected":false},"author":1,"featured_media":0,"parent":0,"menu_order":0,"comment_status":"closed","ping_status":"closed","template":"","meta":{"spay_email":""},"_links":{"self":[{"href":"http:\/\/www.wierzboweuroczysko.pl\/index.php\/wp-json\/wp\/v2\/pages\/507"}],"collection":[{"href":"http:\/\/www.wierzboweuroczysko.pl\/index.php\/wp-json\/wp\/v2\/pages"}],"about":[{"href":"http:\/\/www.wierzboweuroczysko.pl\/index.php\/wp-json\/wp\/v2\/types\/page"}],"author":[{"embeddable":true,"href":"http:\/\/www.wierzboweuroczysko.pl\/index.php\/wp-json\/wp\/v2\/users\/1"}],"replies":[{"embeddable":true,"href":"http:\/\/www.wierzboweuroczysko.pl\/index.php\/wp-json\/wp\/v2\/comments?post=507"}],"version-history":[{"count":58,"href":"http:\/\/www.wierzboweuroczysko.pl\/index.php\/wp-json\/wp\/v2\/pages\/507\/revisions"}],"predecessor-version":[{"id":729,"href":"http:\/\/www.wierzboweuroczysko.pl\/index.php\/wp-json\/wp\/v2\/pages\/507\/revisions\/729"}],"wp:attachment":[{"href":"http:\/\/www.wierzboweuroczysko.pl\/index.php\/wp-json\/wp\/v2\/media?parent=507"}],"curies":[{"name":"wp","href":"https:\/\/api.w.org\/{rel}","templated":true}]}}