{"id":973,"date":"2021-06-24T14:48:17","date_gmt":"2021-06-24T14:48:17","guid":{"rendered":"http:\/\/www.wierzboweuroczysko.pl\/?page_id=973"},"modified":"2021-09-15T10:57:06","modified_gmt":"2021-09-15T10:57:06","slug":"warsztaty-2","status":"publish","type":"page","link":"http:\/\/www.wierzboweuroczysko.pl\/index.php\/warsztaty-2\/","title":{"rendered":"Warsztaty"},"content":{"rendered":"\t\t<div data-elementor-type=\"wp-page\" data-elementor-id=\"973\" class=\"elementor elementor-973\" data-elementor-settings=\"[]\">\n\t\t\t\t\t\t\t<div class=\"elementor-section-wrap\">\n\t\t\t\t\t\t\t<section class=\"elementor-section elementor-top-section elementor-element elementor-element-ae03885 elementor-section-full_width elementor-section-height-full elementor-section-height-default elementor-section-items-middle\" data-id=\"ae03885\" data-element_type=\"section\" data-settings=\"{&quot;background_background&quot;:&quot;classic&quot;}\">\n\t\t\t\t\t\t\t<div class=\"elementor-background-overlay\"><\/div>\n\t\t\t\t\t\t\t<div class=\"elementor-container elementor-column-gap-default\">\n\t\t\t\t\t<div class=\"elementor-column elementor-col-50 elementor-top-column elementor-element elementor-element-1370b23\" data-id=\"1370b23\" data-element_type=\"column\">\n\t\t\t<div class=\"elementor-widget-wrap elementor-element-populated\">\n\t\t\t\t\t\t\t\t<section class=\"elementor-section elementor-inner-section elementor-element elementor-element-ddf86cc elementor-section-boxed elementor-section-height-default elementor-section-height-default\" data-id=\"ddf86cc\" data-element_type=\"section\">\n\t\t\t\t\t\t<div class=\"elementor-container elementor-column-gap-default\">\n\t\t\t\t\t<div class=\"elementor-column elementor-col-50 elementor-inner-column elementor-element elementor-element-c9ba420\" data-id=\"c9ba420\" data-element_type=\"column\">\n\t\t\t<div class=\"elementor-widget-wrap elementor-element-populated\">\n\t\t\t\t\t\t\t\t<div class=\"elementor-element elementor-element-10fa280 elementor-widget elementor-widget-heading\" data-id=\"10fa280\" data-element_type=\"widget\" data-settings=\"{&quot;_animation&quot;:&quot;none&quot;}\" data-widget_type=\"heading.default\">\n\t\t\t\t<div class=\"elementor-widget-container\">\n\t\t\t<h1 class=\"elementor-heading-title elementor-size-default\">Wierzbowe<\/h1>\t\t<\/div>\n\t\t\t\t<\/div>\n\t\t\t\t\t<\/div>\n\t\t<\/div>\n\t\t\t\t<div class=\"elementor-column elementor-col-50 elementor-inner-column elementor-element elementor-element-c3369c3\" data-id=\"c3369c3\" data-element_type=\"column\">\n\t\t\t<div class=\"elementor-widget-wrap elementor-element-populated\">\n\t\t\t\t\t\t\t\t<div class=\"elementor-element elementor-element-a38fe2e elementor-widget elementor-widget-heading\" data-id=\"a38fe2e\" data-element_type=\"widget\" data-settings=\"{&quot;_animation&quot;:&quot;none&quot;}\" data-widget_type=\"heading.default\">\n\t\t\t\t<div class=\"elementor-widget-container\">\n\t\t\t<h1 class=\"elementor-heading-title elementor-size-default\">Uroczysko<\/h1>\t\t<\/div>\n\t\t\t\t<\/div>\n\t\t\t\t\t<\/div>\n\t\t<\/div>\n\t\t\t\t\t\t\t<\/div>\n\t\t<\/section>\n\t\t\t\t<div class=\"elementor-element elementor-element-d5643f6 elementor-widget elementor-widget-heading\" data-id=\"d5643f6\" data-element_type=\"widget\" data-settings=\"{&quot;_animation&quot;:&quot;none&quot;}\" data-widget_type=\"heading.default\">\n\t\t\t\t<div class=\"elementor-widget-container\">\n\t\t\t<h1 class=\"elementor-heading-title elementor-size-default\">miejsce jakich ma\u0142o<\/h1>\t\t<\/div>\n\t\t\t\t<\/div>\n\t\t\t\t<div class=\"elementor-element elementor-element-f7535d0 elementor-widget elementor-widget-spacer\" data-id=\"f7535d0\" data-element_type=\"widget\" data-widget_type=\"spacer.default\">\n\t\t\t\t<div class=\"elementor-widget-container\">\n\t\t\t\t\t<div class=\"elementor-spacer\">\n\t\t\t<div class=\"elementor-spacer-inner\"><\/div>\n\t\t<\/div>\n\t\t\t\t<\/div>\n\t\t\t\t<\/div>\n\t\t\t\t\t<\/div>\n\t\t<\/div>\n\t\t\t\t<div class=\"elementor-column elementor-col-50 elementor-top-column elementor-element elementor-element-8036c14\" data-id=\"8036c14\" data-element_type=\"column\">\n\t\t\t<div class=\"elementor-widget-wrap\">\n\t\t\t\t\t\t\t\t\t<\/div>\n\t\t<\/div>\n\t\t\t\t\t\t\t<\/div>\n\t\t<\/section>\n\t\t\t\t<section class=\"elementor-section elementor-top-section elementor-element elementor-element-b0dd11f elementor-section-boxed elementor-section-height-default elementor-section-height-default\" data-id=\"b0dd11f\" data-element_type=\"section\">\n\t\t\t\t\t\t<div class=\"elementor-container elementor-column-gap-default\">\n\t\t\t\t\t<div class=\"elementor-column elementor-col-100 elementor-top-column elementor-element elementor-element-85e4d8f\" data-id=\"85e4d8f\" data-element_type=\"column\">\n\t\t\t<div class=\"elementor-widget-wrap elementor-element-populated\">\n\t\t\t\t\t\t\t\t<div class=\"elementor-element elementor-element-e69ecba elementor-widget elementor-widget-spacer\" data-id=\"e69ecba\" data-element_type=\"widget\" data-widget_type=\"spacer.default\">\n\t\t\t\t<div class=\"elementor-widget-container\">\n\t\t\t\t\t<div class=\"elementor-spacer\">\n\t\t\t<div class=\"elementor-spacer-inner\"><\/div>\n\t\t<\/div>\n\t\t\t\t<\/div>\n\t\t\t\t<\/div>\n\t\t\t\t\t<\/div>\n\t\t<\/div>\n\t\t\t\t\t\t\t<\/div>\n\t\t<\/section>\n\t\t\t\t<section class=\"elementor-section elementor-top-section elementor-element elementor-element-6b0e27b elementor-section-boxed elementor-section-height-default elementor-section-height-default\" data-id=\"6b0e27b\" data-element_type=\"section\">\n\t\t\t\t\t\t<div class=\"elementor-container elementor-column-gap-default\">\n\t\t\t\t\t<div class=\"elementor-column elementor-col-100 elementor-top-column elementor-element elementor-element-cba6504\" data-id=\"cba6504\" data-element_type=\"column\">\n\t\t\t<div class=\"elementor-widget-wrap\">\n\t\t\t\t\t\t\t\t\t<\/div>\n\t\t<\/div>\n\t\t\t\t\t\t\t<\/div>\n\t\t<\/section>\n\t\t\t\t<section class=\"elementor-section elementor-top-section elementor-element elementor-element-93e2266 elementor-section-boxed elementor-section-height-default elementor-section-height-default\" data-id=\"93e2266\" data-element_type=\"section\">\n\t\t\t\t\t\t<div class=\"elementor-container elementor-column-gap-default\">\n\t\t\t\t\t<div class=\"elementor-column elementor-col-100 elementor-top-column elementor-element elementor-element-5ca7300\" data-id=\"5ca7300\" data-element_type=\"column\">\n\t\t\t<div class=\"elementor-widget-wrap elementor-element-populated\">\n\t\t\t\t\t\t\t\t<div class=\"elementor-element elementor-element-95b14ab elementor-widget elementor-widget-text-editor\" data-id=\"95b14ab\" data-element_type=\"widget\" data-widget_type=\"text-editor.default\">\n\t\t\t\t<div class=\"elementor-widget-container\">\n\t\t\t\t\t\t\t<p>Zapraszamy wszystkich: du\u017cych i ma\u0142ych do zapisywania si\u0119 na warsztaty. Osoby zainteresowane prosz\u0119 o wype\u0142nienie formularza.<\/p>\t\t\t\t\t\t<\/div>\n\t\t\t\t<\/div>\n\t\t\t\t\t<\/div>\n\t\t<\/div>\n\t\t\t\t\t\t\t<\/div>\n\t\t<\/section>\n\t\t\t\t<section class=\"elementor-section elementor-top-section elementor-element elementor-element-81f4229 elementor-section-boxed elementor-section-height-default elementor-section-height-default\" data-id=\"81f4229\" data-element_type=\"section\">\n\t\t\t\t\t\t<div class=\"elementor-container elementor-column-gap-default\">\n\t\t\t\t\t<div class=\"elementor-column elementor-col-100 elementor-top-column elementor-element elementor-element-047aa82\" data-id=\"047aa82\" data-element_type=\"column\">\n\t\t\t<div class=\"elementor-widget-wrap elementor-element-populated\">\n\t\t\t\t\t\t\t\t<div class=\"elementor-element elementor-element-86cd360 elementor-widget elementor-widget-heading\" data-id=\"86cd360\" data-element_type=\"widget\" data-widget_type=\"heading.default\">\n\t\t\t\t<div class=\"elementor-widget-container\">\n\t\t\t<h5 class=\"elementor-heading-title elementor-size-default\">FORMLARZ ZG\u0141OSZENIOWY<\/h5>\t\t<\/div>\n\t\t\t\t<\/div>\n\t\t\t\t\t<\/div>\n\t\t<\/div>\n\t\t\t\t\t\t\t<\/div>\n\t\t<\/section>\n\t\t\t\t<section class=\"elementor-section elementor-top-section elementor-element elementor-element-e3f01ac elementor-section-boxed elementor-section-height-default elementor-section-height-default\" data-id=\"e3f01ac\" data-element_type=\"section\">\n\t\t\t\t\t\t<div class=\"elementor-container elementor-column-gap-default\">\n\t\t\t\t\t<div class=\"elementor-column elementor-col-100 elementor-top-column elementor-element elementor-element-40f6be4\" data-id=\"40f6be4\" data-element_type=\"column\">\n\t\t\t<div class=\"elementor-widget-wrap elementor-element-populated\">\n\t\t\t\t\t\t\t\t<div class=\"elementor-element elementor-element-5a8ec1f elementor-button-align-end elementor-widget elementor-widget-form\" data-id=\"5a8ec1f\" data-element_type=\"widget\" data-settings=\"{&quot;step_type&quot;:&quot;number_text&quot;,&quot;step_icon_shape&quot;:&quot;circle&quot;}\" data-widget_type=\"form.default\">\n\t\t\t\t<div class=\"elementor-widget-container\">\n\t\t\t\t\t<form class=\"elementor-form\" method=\"post\" name=\"FORMLARZ ZG\u0141OSZENIOWY\">\n\t\t\t<input type=\"hidden\" name=\"post_id\" value=\"973\"\/>\n\t\t\t<input type=\"hidden\" name=\"form_id\" value=\"5a8ec1f\"\/>\n\n\t\t\t\n\t\t\t<div class=\"elementor-form-fields-wrapper elementor-labels-above\">\n\t\t\t\t\t\t\t\t<div class=\"elementor-field-type-select elementor-field-group elementor-column elementor-field-group-field_8dd956d elementor-col-100\">\n\t\t\t\t\t<label for=\"form-field-field_8dd956d\" class=\"elementor-field-label\">Warsztaty<\/label>\t\t<div class=\"elementor-field elementor-select-wrapper \">\n\t\t\t<select name=\"form_fields[field_8dd956d]\" id=\"form-field-field_8dd956d\" class=\"elementor-field-textual elementor-size-sm\">\n\t\t\t\t<option value=\"ceramika\">ceramika<\/option><option value=\"witra\u017c\">witra\u017c<\/option><option value=\"zio\u0142a\">zio\u0142a<\/option>\t\t\t<\/select>\n\t\t<\/div>\n\t\t\t\t\t\t<\/div>\n\t\t\t\t\t\t\t\t<div class=\"elementor-field-type-text elementor-field-group elementor-column elementor-field-group-name elementor-col-100 elementor-field-required\">\n\t\t\t\t\t<label for=\"form-field-name\" class=\"elementor-field-label\">Imi\u0119 i nazwisko<\/label><input size=\"1\" type=\"text\" name=\"form_fields[name]\" id=\"form-field-name\" class=\"elementor-field elementor-size-sm  elementor-field-textual\" placeholder=\"Imi\u0119 i nazwisko\" required=\"required\" aria-required=\"true\">\t\t\t\t<\/div>\n\t\t\t\t\t\t\t\t<div class=\"elementor-field-type-text elementor-field-group elementor-column elementor-field-group-field_5f0c968 elementor-col-100\">\n\t\t\t\t\t<label for=\"form-field-field_5f0c968\" class=\"elementor-field-label\">Adres<\/label><input size=\"1\" type=\"text\" name=\"form_fields[field_5f0c968]\" id=\"form-field-field_5f0c968\" class=\"elementor-field elementor-size-sm  elementor-field-textual\" placeholder=\"Adres\">\t\t\t\t<\/div>\n\t\t\t\t\t\t\t\t<div class=\"elementor-field-type-tel elementor-field-group elementor-column elementor-field-group-field_bc38ff4 elementor-col-50\">\n\t\t\t\t\t<label for=\"form-field-field_bc38ff4\" class=\"elementor-field-label\">Telefon<\/label><input size=\"1\" type=\"tel\" name=\"form_fields[field_bc38ff4]\" id=\"form-field-field_bc38ff4\" class=\"elementor-field elementor-size-sm  elementor-field-textual\" placeholder=\"telefon\" pattern=\"[0-9()#&amp;+*-=.]+\" title=\"Only numbers and phone characters (#, -, *, etc) are accepted.\">\t\t\t\t<\/div>\n\t\t\t\t\t\t\t\t<div class=\"elementor-field-type-email elementor-field-group elementor-column elementor-field-group-email elementor-col-50 elementor-field-required\">\n\t\t\t\t\t<label for=\"form-field-email\" class=\"elementor-field-label\">Email<\/label><input size=\"1\" type=\"email\" name=\"form_fields[email]\" id=\"form-field-email\" class=\"elementor-field elementor-size-sm  elementor-field-textual\" placeholder=\"Email\" required=\"required\" aria-required=\"true\">\t\t\t\t<\/div>\n\t\t\t\t\t\t\t\t<div class=\"elementor-field-type-date elementor-field-group elementor-column elementor-field-group-field_f031218 elementor-col-50\">\n\t\t\t\t\t<label for=\"form-field-field_f031218\" class=\"elementor-field-label\">Wybrany Termin <\/label><input type=\"date\" name=\"form_fields[field_f031218]\" id=\"form-field-field_f031218\" class=\"elementor-field elementor-size-sm  elementor-field-textual elementor-date-field\" placeholder=\"od\" pattern=\"[0-9]{4}-[0-9]{2}-[0-9]{2}\">\t\t\t\t<\/div>\n\t\t\t\t\t\t\t\t<div class=\"elementor-field-type-date elementor-field-group elementor-column elementor-field-group-field_5519565 elementor-col-50\">\n\t\t\t\t\t<label for=\"form-field-field_5519565\" class=\"elementor-field-label\">Wybrany Termin<\/label><input type=\"date\" name=\"form_fields[field_5519565]\" id=\"form-field-field_5519565\" class=\"elementor-field elementor-size-sm  elementor-field-textual elementor-date-field\" placeholder=\"do\" pattern=\"[0-9]{4}-[0-9]{2}-[0-9]{2}\">\t\t\t\t<\/div>\n\t\t\t\t\t\t\t\t<div class=\"elementor-field-type-text elementor-field-group elementor-column elementor-field-group-field_3769400 elementor-col-100\">\n\t\t\t\t\t<label for=\"form-field-field_3769400\" class=\"elementor-field-label\">Dane osobowe rodzica -uczestnika warsztat\u00f3w ( wype\u0142ni\u0107 w przypadku uczestnika poni\u017cej 16 roku \u017cycia) <\/label><input size=\"1\" type=\"text\" name=\"form_fields[field_3769400]\" id=\"form-field-field_3769400\" class=\"elementor-field elementor-size-sm  elementor-field-textual\" placeholder=\"Imi\u0119 Nazwisko\">\t\t\t\t<\/div>\n\t\t\t\t\t\t\t\t<div class=\"elementor-field-type-text elementor-field-group elementor-column elementor-field-group-field_2f8c491 elementor-col-100\">\n\t\t\t\t\t<label for=\"form-field-field_2f8c491\" class=\"elementor-field-label\">Adres<\/label><input size=\"1\" type=\"text\" name=\"form_fields[field_2f8c491]\" id=\"form-field-field_2f8c491\" class=\"elementor-field elementor-size-sm  elementor-field-textual\" placeholder=\"Adres\">\t\t\t\t<\/div>\n\t\t\t\t\t\t\t\t<div class=\"elementor-field-type-tel elementor-field-group elementor-column elementor-field-group-field_6494baf elementor-col-50\">\n\t\t\t\t\t<label for=\"form-field-field_6494baf\" class=\"elementor-field-label\">Telefon Kontaktowy<\/label><input size=\"1\" type=\"tel\" name=\"form_fields[field_6494baf]\" id=\"form-field-field_6494baf\" class=\"elementor-field elementor-size-sm  elementor-field-textual\" placeholder=\"telefon \" pattern=\"[0-9()#&amp;+*-=.]+\" title=\"Only numbers and phone characters (#, -, *, etc) are accepted.\">\t\t\t\t<\/div>\n\t\t\t\t\t\t\t\t<div class=\"elementor-field-type-email elementor-field-group elementor-column elementor-field-group-field_20efa4d elementor-col-50\">\n\t\t\t\t\t<label for=\"form-field-field_20efa4d\" class=\"elementor-field-label\">Email<\/label><input size=\"1\" type=\"email\" name=\"form_fields[field_20efa4d]\" id=\"form-field-field_20efa4d\" class=\"elementor-field elementor-size-sm  elementor-field-textual\" placeholder=\"Email\">\t\t\t\t<\/div>\n\t\t\t\t\t\t\t\t<div class=\"elementor-field-type-acceptance elementor-field-group elementor-column elementor-field-group-field_7936be6 elementor-col-100 elementor-field-required\">\n\t\t\t\t\t<div class=\"elementor-field-subgroup\"><span class=\"elementor-field-option\"><input type=\"checkbox\" name=\"form_fields[field_7936be6]\" id=\"form-field-field_7936be6\" class=\"elementor-field elementor-size-sm  elementor-acceptance-field\" required=\"required\" aria-required=\"true\"> <label for=\"form-field-field_7936be6\">Wyra\u017cam zgod\u0119 na udzia\u0142 mojego dziecka w warsztatach witra\u017cu   organizowanych w ramach projektu \u201eKwiaty Polskie\u201d  <\/label><\/span><\/div>\t\t\t\t<\/div>\n\t\t\t\t\t\t\t\t<div class=\"elementor-field-type-acceptance elementor-field-group elementor-column elementor-field-group-field_378391f elementor-col-100 elementor-field-required\">\n\t\t\t\t\t<div class=\"elementor-field-subgroup\"><span class=\"elementor-field-option\"><input type=\"checkbox\" name=\"form_fields[field_378391f]\" id=\"form-field-field_378391f\" class=\"elementor-field elementor-size-sm  elementor-acceptance-field\" required=\"required\" aria-required=\"true\"> <label for=\"form-field-field_378391f\">Wyra\u017cam zgod\u0119 na przetwarzanie przez Organizatora moich danych osobowych\/danych osobowych mojego dziecka* w celach niezb\u0119dnych do realizacji.<\/label><\/span><\/div>\t\t\t\t<\/div>\n\t\t\t\t\t\t\t\t<div class=\"elementor-field-type-acceptance elementor-field-group elementor-column elementor-field-group-field_889dd95 elementor-col-100\">\n\t\t\t\t\t<div class=\"elementor-field-subgroup\"><span class=\"elementor-field-option\"><input type=\"checkbox\" name=\"form_fields[field_889dd95]\" id=\"form-field-field_889dd95\" class=\"elementor-field elementor-size-sm  elementor-acceptance-field\"> <label for=\"form-field-field_889dd95\">Wyra\u017cam zgod\u0119 na nieodp\u0142atn\u0105 rejestracj\u0119 fotograficzn\u0105 oraz audio-video fragment\u00f3w warsztat\u00f3w obejmuj\u0105cych m\u00f3j wizerunek\/wizerunek mojego dziecka* oraz nieodp\u0142atne wykorzystywanie tych zapis\u00f3w w celach marketingowych i dokumentacyjnych Organizatora<\/label><\/span><\/div>\t\t\t\t<\/div>\n\t\t\t\t\t\t\t\t<div class=\"elementor-field-group elementor-column elementor-field-type-submit elementor-col-100 e-form__buttons\">\n\t\t\t\t\t<button type=\"submit\" class=\"elementor-button elementor-size-sm\">\n\t\t\t\t\t\t<span >\n\t\t\t\t\t\t\t\t\t\t\t\t\t\t\t<span class=\" elementor-button-icon\">\n\t\t\t\t\t\t\t\t\t\t\t\t\t\t\t\t\t\t\t\t\t\t\t\t\t\t<\/span>\n\t\t\t\t\t\t\t\t\t\t\t\t\t\t\t\t\t\t\t\t\t\t<span class=\"elementor-button-text\">Wy\u015blij<\/span>\n\t\t\t\t\t\t\t\t\t\t\t\t\t<\/span>\n\t\t\t\t\t<\/button>\n\t\t\t\t<\/div>\n\t\t\t<\/div>\n\t\t<\/form>\n\t\t\t\t<\/div>\n\t\t\t\t<\/div>\n\t\t\t\t\t<\/div>\n\t\t<\/div>\n\t\t\t\t\t\t\t<\/div>\n\t\t<\/section>\n\t\t\t\t<section class=\"elementor-section elementor-top-section elementor-element elementor-element-88b0642 elementor-section-boxed elementor-section-height-default elementor-section-height-default\" data-id=\"88b0642\" data-element_type=\"section\">\n\t\t\t\t\t\t<div class=\"elementor-container elementor-column-gap-default\">\n\t\t\t\t\t<div class=\"elementor-column elementor-col-100 elementor-top-column elementor-element elementor-element-8eaa34e\" data-id=\"8eaa34e\" data-element_type=\"column\">\n\t\t\t<div class=\"elementor-widget-wrap elementor-element-populated\">\n\t\t\t\t\t\t\t\t<div class=\"elementor-element elementor-element-b9ecc57 elementor-widget elementor-widget-spacer\" data-id=\"b9ecc57\" data-element_type=\"widget\" data-widget_type=\"spacer.default\">\n\t\t\t\t<div class=\"elementor-widget-container\">\n\t\t\t\t\t<div class=\"elementor-spacer\">\n\t\t\t<div class=\"elementor-spacer-inner\"><\/div>\n\t\t<\/div>\n\t\t\t\t<\/div>\n\t\t\t\t<\/div>\n\t\t\t\t\t<\/div>\n\t\t<\/div>\n\t\t\t\t\t\t\t<\/div>\n\t\t<\/section>\n\t\t\t\t\t\t<\/div>\n\t\t\t\t\t<\/div>\n\t\t","protected":false},"excerpt":{"rendered":"<p>Wierzbowe Uroczysko miejsce jakich ma\u0142o Zapraszamy wszystkich: du\u017cych i ma\u0142ych do zapisywania si\u0119 na warsztaty. Osoby zainteresowane prosz\u0119 o wype\u0142nienie formularza. FORMLARZ ZG\u0141OSZENIOWY<\/p>\n","protected":false},"author":1,"featured_media":0,"parent":0,"menu_order":0,"comment_status":"closed","ping_status":"closed","template":"","meta":{"spay_email":""},"_links":{"self":[{"href":"http:\/\/www.wierzboweuroczysko.pl\/index.php\/wp-json\/wp\/v2\/pages\/973"}],"collection":[{"href":"http:\/\/www.wierzboweuroczysko.pl\/index.php\/wp-json\/wp\/v2\/pages"}],"about":[{"href":"http:\/\/www.wierzboweuroczysko.pl\/index.php\/wp-json\/wp\/v2\/types\/page"}],"author":[{"embeddable":true,"href":"http:\/\/www.wierzboweuroczysko.pl\/index.php\/wp-json\/wp\/v2\/users\/1"}],"replies":[{"embeddable":true,"href":"http:\/\/www.wierzboweuroczysko.pl\/index.php\/wp-json\/wp\/v2\/comments?post=973"}],"version-history":[{"count":46,"href":"http:\/\/www.wierzboweuroczysko.pl\/index.php\/wp-json\/wp\/v2\/pages\/973\/revisions"}],"predecessor-version":[{"id":1081,"href":"http:\/\/www.wierzboweuroczysko.pl\/index.php\/wp-json\/wp\/v2\/pages\/973\/revisions\/1081"}],"wp:attachment":[{"href":"http:\/\/www.wierzboweuroczysko.pl\/index.php\/wp-json\/wp\/v2\/media?parent=973"}],"curies":[{"name":"wp","href":"https:\/\/api.w.org\/{rel}","templated":true}]}}